{"id":16483,"date":"2024-04-27T11:32:52","date_gmt":"2024-04-27T09:32:52","guid":{"rendered":"https:\/\/landskronabaten.se\/hyr-en-bat\/"},"modified":"2024-05-23T12:17:10","modified_gmt":"2024-05-23T10:17:10","slug":"rent-a-boat","status":"publish","type":"page","link":"https:\/\/landskronabaten.se\/en\/rent-a-boat\/","title":{"rendered":"Rent a boat!"},"content":{"rendered":"\t\t<div data-elementor-type=\"wp-page\" data-elementor-id=\"16483\" class=\"elementor elementor-16483 elementor-78\" data-elementor-post-type=\"page\">\n\t\t\t\t<div class=\"elementor-element elementor-element-a2a7359 e-flex e-con-boxed e-con e-parent\" data-id=\"a2a7359\" data-element_type=\"container\" data-e-type=\"container\" data-settings=\"{&quot;background_background&quot;:&quot;classic&quot;}\">\n\t\t\t\t\t<div class=\"e-con-inner\">\n\t\t\t\t<div class=\"elementor-element elementor-element-3e267eb elementor-invisible elementor-widget elementor-widget-heading\" data-id=\"3e267eb\" data-element_type=\"widget\" data-e-type=\"widget\" data-settings=\"{&quot;_animation&quot;:&quot;slideInUp&quot;}\" data-widget_type=\"heading.default\">\n\t\t\t\t<div class=\"elementor-widget-container\">\n\t\t\t\t\t<h2 class=\"elementor-heading-title elementor-size-default\">Rent one of ours\nboats!<\/h2>\t\t\t\t<\/div>\n\t\t\t\t<\/div>\n\t\t\t\t<div class=\"elementor-element elementor-element-e0c346f elementor-invisible elementor-widget elementor-widget-text-editor\" data-id=\"e0c346f\" data-element_type=\"widget\" data-e-type=\"widget\" data-settings=\"{&quot;_animation&quot;:&quot;slideInUp&quot;}\" data-widget_type=\"text-editor.default\">\n\t\t\t\t<div class=\"elementor-widget-container\">\n\t\t\t\t\t\t\t\t\t<p>Invite your customers, employees, friends or acquaintances<br \/>on an unforgettable day on the strait.<\/p>\t\t\t\t\t\t\t\t<\/div>\n\t\t\t\t<\/div>\n\t\t\t\t\t<\/div>\n\t\t\t\t<\/div>\n\t\t<div class=\"elementor-element elementor-element-17db2be e-flex e-con-boxed e-con e-parent\" data-id=\"17db2be\" data-element_type=\"container\" data-e-type=\"container\">\n\t\t\t\t\t<div class=\"e-con-inner\">\n\t\t<div class=\"elementor-element elementor-element-c6e98ad e-con-full e-flex e-con e-child\" data-id=\"c6e98ad\" data-element_type=\"container\" data-e-type=\"container\">\n\t\t\t\t<div class=\"elementor-element elementor-element-9a05871 elementor-widget elementor-widget-image\" data-id=\"9a05871\" data-element_type=\"widget\" data-e-type=\"widget\" data-widget_type=\"image.default\">\n\t\t\t\t<div class=\"elementor-widget-container\">\n\t\t\t\t\t\t\t\t\t\t\t\t\t\t\t<img fetchpriority=\"high\" decoding=\"async\" width=\"1024\" height=\"931\" src=\"https:\/\/landskronabaten.se\/wp-content\/uploads\/2024\/05\/20181019_134059-scaled-e1716316991751-1024x931.jpg\" class=\"attachment-large size-large wp-image-16387\" alt=\"\" srcset=\"https:\/\/landskronabaten.se\/wp-content\/uploads\/2024\/05\/20181019_134059-scaled-e1716316991751-1024x931.jpg 1024w, https:\/\/landskronabaten.se\/wp-content\/uploads\/2024\/05\/20181019_134059-scaled-e1716316991751-300x273.jpg 300w, https:\/\/landskronabaten.se\/wp-content\/uploads\/2024\/05\/20181019_134059-scaled-e1716316991751-768x698.jpg 768w, https:\/\/landskronabaten.se\/wp-content\/uploads\/2024\/05\/20181019_134059-scaled-e1716316991751-1536x1396.jpg 1536w, https:\/\/landskronabaten.se\/wp-content\/uploads\/2024\/05\/20181019_134059-scaled-e1716316991751-600x545.jpg 600w, https:\/\/landskronabaten.se\/wp-content\/uploads\/2024\/05\/20181019_134059-scaled-e1716316991751.jpg 1920w\" sizes=\"(max-width: 1024px) 100vw, 1024px\" \/>\t\t\t\t\t\t\t\t\t\t\t\t\t\t\t<\/div>\n\t\t\t\t<\/div>\n\t\t\t\t<\/div>\n\t\t<div class=\"elementor-element elementor-element-d9a7721 e-con-full e-flex e-con e-child\" data-id=\"d9a7721\" data-element_type=\"container\" data-e-type=\"container\">\n\t\t\t\t<div class=\"elementor-element elementor-element-d449f44 elementor-widget elementor-widget-heading\" data-id=\"d449f44\" data-element_type=\"widget\" data-e-type=\"widget\" data-widget_type=\"heading.default\">\n\t\t\t\t<div class=\"elementor-widget-container\">\n\t\t\t\t\t<h2 class=\"elementor-heading-title elementor-size-default\">Landskrona as starting point<\/h2>\t\t\t\t<\/div>\n\t\t\t\t<\/div>\n\t\t\t\t<div class=\"elementor-element elementor-element-f236580 elementor-widget elementor-widget-heading\" data-id=\"f236580\" data-element_type=\"widget\" data-e-type=\"widget\" data-widget_type=\"heading.default\">\n\t\t\t\t<div class=\"elementor-widget-container\">\n\t\t\t\t\t<h2 class=\"elementor-heading-title elementor-size-default\">Rent one of our boats! <b>- An experience you won't soon forget!<\/b><\/h2>\t\t\t\t<\/div>\n\t\t\t\t<\/div>\n\t\t\t\t<div class=\"elementor-element elementor-element-a90eaf6 elementor-widget elementor-widget-text-editor\" data-id=\"a90eaf6\" data-element_type=\"widget\" data-e-type=\"widget\" data-widget_type=\"text-editor.default\">\n\t\t\t\t<div class=\"elementor-widget-container\">\n\t\t\t\t\t\t\t\t\t<p>From Landskrona we reach the hottest fishing spots in 15 &#8211; 30 minutes, depending on the season.\u00a0\u00a0 Our well-maintained tour boats are the fastest on the Sound and they are spacious with generous and open areas on deck. In our pleasant salons downstairs we serve coffee, cakes, soft drinks, sausages with bread and sweets.<\/p><p>There is plenty of space here to enjoy a bite to eat and hang out with the whole gang. Our experienced and knowledgeable staff will help you in the right way and give you the best conditions for a good catch and a successful trip!<\/p>\t\t\t\t\t\t\t\t<\/div>\n\t\t\t\t<\/div>\n\t\t\t\t<\/div>\n\t\t\t\t\t<\/div>\n\t\t\t\t<\/div>\n\t\t<div class=\"elementor-element elementor-element-cee80ed e-flex e-con-boxed e-con e-parent\" data-id=\"cee80ed\" data-element_type=\"container\" data-e-type=\"container\">\n\t\t\t\t\t<div class=\"e-con-inner\">\n\t\t<div class=\"elementor-element elementor-element-df4b9c3 e-con-full e-flex e-con e-child\" data-id=\"df4b9c3\" data-element_type=\"container\" data-e-type=\"container\">\n\t\t\t\t<div class=\"elementor-element elementor-element-b9e9027 elementor-widget-divider--view-line_text elementor-widget-divider--element-align-center elementor-widget elementor-widget-divider\" data-id=\"b9e9027\" data-element_type=\"widget\" data-e-type=\"widget\" data-widget_type=\"divider.default\">\n\t\t\t\t<div class=\"elementor-widget-container\">\n\t\t\t\t\t\t\t<div class=\"elementor-divider\">\n\t\t\t<span class=\"elementor-divider-separator\">\n\t\t\t\t\t\t\t<span class=\"elementor-divider__text elementor-divider__element\">\n\t\t\t\tCOMPANY EVENTS\t\t\t\t<\/span>\n\t\t\t\t\t\t<\/span>\n\t\t<\/div>\n\t\t\t\t\t\t<\/div>\n\t\t\t\t<\/div>\n\t\t\t\t<div class=\"elementor-element elementor-element-3fe79a1 elementor-widget elementor-widget-heading\" data-id=\"3fe79a1\" data-element_type=\"widget\" data-e-type=\"widget\" data-widget_type=\"heading.default\">\n\t\t\t\t<div class=\"elementor-widget-container\">\n\t\t\t\t\t<h4 class=\"elementor-heading-title elementor-size-default\">Invite your customers, employees, friends or acquaintances to an unforgettable day on the strait.<\/h4>\t\t\t\t<\/div>\n\t\t\t\t<\/div>\n\t\t\t\t<div class=\"elementor-element elementor-element-6bf88b4 elementor-widget elementor-widget-text-editor\" data-id=\"6bf88b4\" data-element_type=\"widget\" data-e-type=\"widget\" data-widget_type=\"text-editor.default\">\n\t\t\t\t<div class=\"elementor-widget-container\">\n\t\t\t\t\t\t\t\t\t<p>With us you can rent a boat all to yourself. A nice and affordable way to socialize. No previous experience of sea fishing is necessary. The skipper and his crew guide you to successful fishing and an experience to remember!<\/p>\t\t\t\t\t\t\t\t<\/div>\n\t\t\t\t<\/div>\n\t\t\t\t<div class=\"elementor-element elementor-element-10ccc51 elementor-cta--skin-classic elementor-animated-content elementor-bg-transform elementor-bg-transform-zoom-in elementor-widget elementor-widget-call-to-action\" data-id=\"10ccc51\" data-element_type=\"widget\" data-e-type=\"widget\" data-widget_type=\"call-to-action.default\">\n\t\t\t\t<div class=\"elementor-widget-container\">\n\t\t\t\t\t\t\t<div class=\"elementor-cta\">\n\t\t\t\t\t<div class=\"elementor-cta__bg-wrapper\">\n\t\t\t\t<div class=\"elementor-cta__bg elementor-bg\" style=\"background-image: url(https:\/\/landskronabaten.se\/wp-content\/uploads\/2024\/04\/20170323_083606-1024x768.jpg);\" role=\"img\" aria-label=\"20170323_083606\"><\/div>\n\t\t\t\t<div class=\"elementor-cta__bg-overlay\"><\/div>\n\t\t\t<\/div>\n\t\t\t\t\t\t\t<div class=\"elementor-cta__content\">\n\t\t\t\t\n\t\t\t\t\t\t\t\t\t<h2 class=\"elementor-cta__title elementor-cta__content-item elementor-content-item\">\n\t\t\t\t\t\tBoka ditt event p\u00e5 en av v\u00e5ra b\u00e5tar redan idag!\t\t\t\t\t<\/h2>\n\t\t\t\t\n\t\t\t\t\t\t\t\t\t<div class=\"elementor-cta__description elementor-cta__content-item elementor-content-item\">\n\t\t\t\t\t\t0760-391040\t\t\t\t\t<\/div>\n\t\t\t\t\n\t\t\t\t\t\t\t\t\t<div class=\"elementor-cta__button-wrapper elementor-cta__content-item elementor-content-item \">\n\t\t\t\t\t<a class=\"elementor-cta__button elementor-button elementor-size-\" href=\"\/boka\">\n\t\t\t\t\t\tBOKA\t\t\t\t\t<\/a>\n\t\t\t\t\t<\/div>\n\t\t\t\t\t\t\t<\/div>\n\t\t\t\t\t\t\t<div class=\"elementor-ribbon\">\n\t\t\t\t<div class=\"elementor-ribbon-inner\">\n\t\t\t\t\tPopul\u00e4rt\t\t\t\t<\/div>\n\t\t\t<\/div>\n\t\t\t\t<\/div>\n\t\t\t\t\t\t<\/div>\n\t\t\t\t<\/div>\n\t\t\t\t<\/div>\n\t\t<div class=\"elementor-element elementor-element-14adba0 e-con-full e-flex e-con e-child\" data-id=\"14adba0\" data-element_type=\"container\" data-e-type=\"container\">\n\t\t\t\t<div class=\"elementor-element elementor-element-a6f48a0 elementor-widget-divider--view-line_text elementor-widget-divider--element-align-center elementor-widget elementor-widget-divider\" data-id=\"a6f48a0\" data-element_type=\"widget\" data-e-type=\"widget\" data-widget_type=\"divider.default\">\n\t\t\t\t<div class=\"elementor-widget-container\">\n\t\t\t\t\t\t\t<div class=\"elementor-divider\">\n\t\t\t<span class=\"elementor-divider-separator\">\n\t\t\t\t\t\t\t<span class=\"elementor-divider__text elementor-divider__element\">\n\t\t\t\tOUR BOATS FOR HIRE\t\t\t\t<\/span>\n\t\t\t\t\t\t<\/span>\n\t\t<\/div>\n\t\t\t\t\t\t<\/div>\n\t\t\t\t<\/div>\n\t\t<div class=\"elementor-element elementor-element-2f19509 e-flex e-con-boxed e-con e-child\" data-id=\"2f19509\" data-element_type=\"container\" data-e-type=\"container\">\n\t\t\t\t\t<div class=\"e-con-inner\">\n\t\t<div class=\"elementor-element elementor-element-bb7780e e-con-full e-flex e-con e-child\" data-id=\"bb7780e\" data-element_type=\"container\" data-e-type=\"container\">\n\t\t\t\t<div class=\"elementor-element elementor-element-e03296e elementor-widget elementor-widget-image\" data-id=\"e03296e\" data-element_type=\"widget\" data-e-type=\"widget\" data-widget_type=\"image.default\">\n\t\t\t\t<div class=\"elementor-widget-container\">\n\t\t\t\t\t\t\t\t\t\t\t\t\t\t\t<img decoding=\"async\" width=\"475\" height=\"326\" src=\"https:\/\/landskronabaten.se\/wp-content\/uploads\/2024\/04\/20181006_150115-1.jpg\" class=\"attachment-large size-large wp-image-16295\" alt=\"\" srcset=\"https:\/\/landskronabaten.se\/wp-content\/uploads\/2024\/04\/20181006_150115-1.jpg 475w, https:\/\/landskronabaten.se\/wp-content\/uploads\/2024\/04\/20181006_150115-1-300x206.jpg 300w\" sizes=\"(max-width: 475px) 100vw, 475px\" \/>\t\t\t\t\t\t\t\t\t\t\t\t\t\t\t<\/div>\n\t\t\t\t<\/div>\n\t\t\t\t<\/div>\n\t\t<div class=\"elementor-element elementor-element-39badac e-con-full e-flex e-con e-child\" data-id=\"39badac\" data-element_type=\"container\" data-e-type=\"container\">\n\t\t\t\t<div class=\"elementor-element elementor-element-0ce7afa elementor-widget elementor-widget-heading\" data-id=\"0ce7afa\" data-element_type=\"widget\" data-e-type=\"widget\" data-widget_type=\"heading.default\">\n\t\t\t\t<div class=\"elementor-widget-container\">\n\t\t\t\t\t<h2 class=\"elementor-heading-title elementor-size-default\">M\/S LINDA\n<\/h2>\t\t\t\t<\/div>\n\t\t\t\t<\/div>\n\t\t\t\t<div class=\"elementor-element elementor-element-70df448 elementor-widget elementor-widget-text-editor\" data-id=\"70df448\" data-element_type=\"widget\" data-e-type=\"widget\" data-widget_type=\"text-editor.default\">\n\t\t\t\t<div class=\"elementor-widget-container\">\n\t\t\t\t\t\t\t\t\t<p>M\/S Linda is excellent for transport and smaller groups.<\/p><p>There are also opportunities for fishing and clay pigeon shooting.<\/p><p>Length: 24 meters<br \/>Width: 5 meters\u00a0<br \/>Speed: Max 17 knots<\/p><p>Maximum number of passengers: 59<br \/>Saloon below deck: 48 seated<br \/>Toilet: 1<br \/>Cafeteria: Yes<br \/>Alcohol permit: No<br \/>Handicapped accessible: No<\/p>\t\t\t\t\t\t\t\t<\/div>\n\t\t\t\t<\/div>\n\t\t\t\t<\/div>\n\t\t\t\t\t<\/div>\n\t\t\t\t<\/div>\n\t\t<div class=\"elementor-element elementor-element-36e6299 e-flex e-con-boxed e-con e-child\" data-id=\"36e6299\" data-element_type=\"container\" data-e-type=\"container\">\n\t\t\t\t\t<div class=\"e-con-inner\">\n\t\t<div class=\"elementor-element elementor-element-8a7839d e-con-full e-flex e-con e-child\" data-id=\"8a7839d\" data-element_type=\"container\" data-e-type=\"container\">\n\t\t\t\t<div class=\"elementor-element elementor-element-d55992d elementor-widget elementor-widget-image\" data-id=\"d55992d\" data-element_type=\"widget\" data-e-type=\"widget\" data-widget_type=\"image.default\">\n\t\t\t\t<div class=\"elementor-widget-container\">\n\t\t\t\t\t\t\t\t\t\t\t\t\t\t\t<img decoding=\"async\" width=\"1024\" height=\"613\" src=\"https:\/\/landskronabaten.se\/wp-content\/uploads\/2024\/04\/oresund-Cruise-Line20.jpg\" class=\"attachment-large size-large wp-image-16297\" alt=\"\" srcset=\"https:\/\/landskronabaten.se\/wp-content\/uploads\/2024\/04\/oresund-Cruise-Line20.jpg 1024w, https:\/\/landskronabaten.se\/wp-content\/uploads\/2024\/04\/oresund-Cruise-Line20-600x359.jpg 600w, https:\/\/landskronabaten.se\/wp-content\/uploads\/2024\/04\/oresund-Cruise-Line20-300x180.jpg 300w, https:\/\/landskronabaten.se\/wp-content\/uploads\/2024\/04\/oresund-Cruise-Line20-768x460.jpg 768w\" sizes=\"(max-width: 1024px) 100vw, 1024px\" \/>\t\t\t\t\t\t\t\t\t\t\t\t\t\t\t<\/div>\n\t\t\t\t<\/div>\n\t\t\t\t<\/div>\n\t\t<div class=\"elementor-element elementor-element-9c70678 e-con-full e-flex e-con e-child\" data-id=\"9c70678\" data-element_type=\"container\" data-e-type=\"container\">\n\t\t\t\t<div class=\"elementor-element elementor-element-f00b1b7 elementor-widget elementor-widget-heading\" data-id=\"f00b1b7\" data-element_type=\"widget\" data-e-type=\"widget\" data-widget_type=\"heading.default\">\n\t\t\t\t<div class=\"elementor-widget-container\">\n\t\t\t\t\t<h2 class=\"elementor-heading-title elementor-size-default\">M\/S VIKE\n<\/h2>\t\t\t\t<\/div>\n\t\t\t\t<\/div>\n\t\t\t\t<div class=\"elementor-element elementor-element-d0bd7d7 elementor-widget elementor-widget-text-editor\" data-id=\"d0bd7d7\" data-element_type=\"widget\" data-e-type=\"widget\" data-widget_type=\"text-editor.default\">\n\t\t\t\t<div class=\"elementor-widget-container\">\n\t\t\t\t\t\t\t\t\t<p>M\/S Vike is the strait&#8217;s fastest and most modern tour fishing boat.<\/p><p>Perfect for transport, events and fishing trips<\/p><p>Length: 25 meters<br \/>Width :\u00a07.4 meters\u00a0<br \/>Speed: Max 17 knots<\/p><p>Maximum number of passengers: 90<br \/>Saloon below deck: 25 seated<br \/>Toilet: 1<br \/>Cafeteria: Yes<br \/>Alcohol permit: No<br \/>Handicapped accessible: Partially (not indoors)<\/p>\t\t\t\t\t\t\t\t<\/div>\n\t\t\t\t<\/div>\n\t\t\t\t<\/div>\n\t\t\t\t\t<\/div>\n\t\t\t\t<\/div>\n\t\t<div class=\"elementor-element elementor-element-533e44a e-flex e-con-boxed e-con e-child\" data-id=\"533e44a\" data-element_type=\"container\" data-e-type=\"container\">\n\t\t\t\t\t<div class=\"e-con-inner\">\n\t\t<div class=\"elementor-element elementor-element-5cd297b e-con-full e-flex e-con e-child\" data-id=\"5cd297b\" data-element_type=\"container\" data-e-type=\"container\">\n\t\t\t\t<div class=\"elementor-element elementor-element-a9a9d34 elementor-widget elementor-widget-image\" data-id=\"a9a9d34\" data-element_type=\"widget\" data-e-type=\"widget\" data-widget_type=\"image.default\">\n\t\t\t\t<div class=\"elementor-widget-container\">\n\t\t\t\t\t\t\t\t\t\t\t\t\t\t\t<img loading=\"lazy\" decoding=\"async\" width=\"1024\" height=\"576\" src=\"https:\/\/landskronabaten.se\/wp-content\/uploads\/2024\/04\/DJI_0150-1.jpg\" class=\"attachment-large size-large wp-image-16293\" alt=\"\" srcset=\"https:\/\/landskronabaten.se\/wp-content\/uploads\/2024\/04\/DJI_0150-1.jpg 1024w, https:\/\/landskronabaten.se\/wp-content\/uploads\/2024\/04\/DJI_0150-1-600x338.jpg 600w, https:\/\/landskronabaten.se\/wp-content\/uploads\/2024\/04\/DJI_0150-1-300x169.jpg 300w, https:\/\/landskronabaten.se\/wp-content\/uploads\/2024\/04\/DJI_0150-1-768x432.jpg 768w\" sizes=\"(max-width: 1024px) 100vw, 1024px\" \/>\t\t\t\t\t\t\t\t\t\t\t\t\t\t\t<\/div>\n\t\t\t\t<\/div>\n\t\t\t\t<\/div>\n\t\t<div class=\"elementor-element elementor-element-0497f5e e-con-full e-flex e-con e-child\" data-id=\"0497f5e\" data-element_type=\"container\" data-e-type=\"container\">\n\t\t\t\t<div class=\"elementor-element elementor-element-d98b8ee elementor-widget elementor-widget-heading\" data-id=\"d98b8ee\" data-element_type=\"widget\" data-e-type=\"widget\" data-widget_type=\"heading.default\">\n\t\t\t\t<div class=\"elementor-widget-container\">\n\t\t\t\t\t<h2 class=\"elementor-heading-title elementor-size-default\">M\/S TILDA (not fishing)\n<\/h2>\t\t\t\t<\/div>\n\t\t\t\t<\/div>\n\t\t\t\t<div class=\"elementor-element elementor-element-1cda7d8 elementor-widget elementor-widget-text-editor\" data-id=\"1cda7d8\" data-element_type=\"widget\" data-e-type=\"widget\" data-widget_type=\"text-editor.default\">\n\t\t\t\t<div class=\"elementor-widget-container\">\n\t\t\t\t\t\t\t\t\t<p>M\/S Tilda is ideal\u00a0 for everything from meetings and conferences to relaxed after works.<\/p><p>Why not end the day with a seafood buffet and party?<\/p><p>Length: 42 meters<br \/>Width: 8 metres\u00a0<br \/>Speed: Max 26 knots<\/p><p>Maximum number of passengers: 300<br \/>Sitting indoors 180<br \/>Toilet: 5<br \/>Restaurant kitchen: Yes<br \/>Alcohol permit: Yes<br \/>Bars: 3<br \/>Handicapped accessible: YES<\/p>\t\t\t\t\t\t\t\t<\/div>\n\t\t\t\t<\/div>\n\t\t\t\t<\/div>\n\t\t\t\t\t<\/div>\n\t\t\t\t<\/div>\n\t\t\t\t<\/div>\n\t\t\t\t\t<\/div>\n\t\t\t\t<\/div>\n\t\t\t\t<\/div>\n\t\t","protected":false},"excerpt":{"rendered":"<p>Rent one of ours boats! Invite your customers, employees, friends or acquaintanceson an unforgettable day on the strait. Landskrona as [&hellip;]<\/p>\n","protected":false},"author":1,"featured_media":0,"parent":0,"menu_order":0,"comment_status":"closed","ping_status":"closed","template":"","meta":{"site-sidebar-layout":"no-sidebar","site-content-layout":"","ast-site-content-layout":"full-width-container","site-content-style":"default","site-sidebar-style":"default","ast-global-header-display":"","ast-banner-title-visibility":"","ast-main-header-display":"","ast-hfb-above-header-display":"","ast-hfb-below-header-display":"","ast-hfb-mobile-header-display":"","site-post-title":"disabled","ast-breadcrumbs-content":"","ast-featured-img":"disabled","footer-sml-layout":"","ast-disable-related-posts":"","theme-transparent-header-meta":"default","adv-header-id-meta":"","stick-header-meta":"","header-above-stick-meta":"","header-main-stick-meta":"","header-below-stick-meta":"","astra-migrate-meta-layouts":"set","ast-page-background-enabled":"default","ast-page-background-meta":{"desktop":{"background-color":"var(--ast-global-color-4)","background-image":"","background-repeat":"repeat","background-position":"center center","background-size":"auto","background-attachment":"scroll","background-type":"","background-media":"","overlay-type":"","overlay-color":"","overlay-opacity":"","overlay-gradient":""},"tablet":{"background-color":"","background-image":"","background-repeat":"repeat","background-position":"center center","background-size":"auto","background-attachment":"scroll","background-type":"","background-media":"","overlay-type":"","overlay-color":"","overlay-opacity":"","overlay-gradient":""},"mobile":{"background-color":"","background-image":"","background-repeat":"repeat","background-position":"center center","background-size":"auto","background-attachment":"scroll","background-type":"","background-media":"","overlay-type":"","overlay-color":"","overlay-opacity":"","overlay-gradient":""}},"ast-content-background-meta":{"desktop":{"background-color":"var(--ast-global-color-5)","background-image":"","background-repeat":"repeat","background-position":"center center","background-size":"auto","background-attachment":"scroll","background-type":"","background-media":"","overlay-type":"","overlay-color":"","overlay-opacity":"","overlay-gradient":""},"tablet":{"background-color":"var(--ast-global-color-5)","background-image":"","background-repeat":"repeat","background-position":"center center","background-size":"auto","background-attachment":"scroll","background-type":"","background-media":"","overlay-type":"","overlay-color":"","overlay-opacity":"","overlay-gradient":""},"mobile":{"background-color":"var(--ast-global-color-5)","background-image":"","background-repeat":"repeat","background-position":"center center","background-size":"auto","background-attachment":"scroll","background-type":"","background-media":"","overlay-type":"","overlay-color":"","overlay-opacity":"","overlay-gradient":""}},"footnotes":""},"class_list":["post-16483","page","type-page","status-publish","hentry"],"_links":{"self":[{"href":"https:\/\/landskronabaten.se\/en\/wp-json\/wp\/v2\/pages\/16483","targetHints":{"allow":["GET"]}}],"collection":[{"href":"https:\/\/landskronabaten.se\/en\/wp-json\/wp\/v2\/pages"}],"about":[{"href":"https:\/\/landskronabaten.se\/en\/wp-json\/wp\/v2\/types\/page"}],"author":[{"embeddable":true,"href":"https:\/\/landskronabaten.se\/en\/wp-json\/wp\/v2\/users\/1"}],"replies":[{"embeddable":true,"href":"https:\/\/landskronabaten.se\/en\/wp-json\/wp\/v2\/comments?post=16483"}],"version-history":[{"count":4,"href":"https:\/\/landskronabaten.se\/en\/wp-json\/wp\/v2\/pages\/16483\/revisions"}],"predecessor-version":[{"id":16487,"href":"https:\/\/landskronabaten.se\/en\/wp-json\/wp\/v2\/pages\/16483\/revisions\/16487"}],"wp:attachment":[{"href":"https:\/\/landskronabaten.se\/en\/wp-json\/wp\/v2\/media?parent=16483"}],"curies":[{"name":"wp","href":"https:\/\/api.w.org\/{rel}","templated":true}]}}